{"id":2,"date":"2026-02-26T16:56:36","date_gmt":"2026-02-26T16:56:36","guid":{"rendered":"http:\/\/matex.org.pl\/?page_id=2"},"modified":"2026-03-07T03:33:49","modified_gmt":"2026-03-07T02:33:49","slug":"o-firmie","status":"publish","type":"page","link":"https:\/\/matex.org.pl\/index.php\/o-firmie\/","title":{"rendered":"O firmie"},"content":{"rendered":"\n<p>F.H.U. Matex dzia\u0142a w bran\u017cy &#8222;Oczyszczanie \u015bciek\u00f3w&#8221;. Siedziba firmy znajduje si\u0119 w wojew\u00f3dztwie \u015bl\u0105skim w miejscowo\u015bci Strzy\u017cowice ul. Szosowa 16.<\/p>\n\n\n\n<p>Zakres dzia\u0142alno\u015bci wi\u0119kszo\u015bci przedsi\u0119biorstw z bran\u017cy obejmuje m.in:<\/p>\n\n\n\n<blockquote class=\"wp-block-quote is-layout-flow wp-block-quote-is-layout-flow\">\n<p>oczyszczalnia \u015bciek\u00f3w <\/p>\n\n\n\n<p>oczyszczalnie przydomowe <\/p>\n\n\n\n<p>oczyszczalnie biologiczne \u015bciek\u00f3w <\/p>\n<\/blockquote>\n\n\n\n<figure class=\"wp-block-image size-large is-style-default\"><img loading=\"lazy\" decoding=\"async\" width=\"1024\" height=\"768\" src=\"http:\/\/matex.org.pl\/wp-content\/uploads\/2026\/03\/tlo2-1024x768.jpg\" alt=\"\" class=\"wp-image-46\" srcset=\"https:\/\/matex.org.pl\/wp-content\/uploads\/2026\/03\/tlo2-1024x768.jpg 1024w, https:\/\/matex.org.pl\/wp-content\/uploads\/2026\/03\/tlo2-300x225.jpg 300w, https:\/\/matex.org.pl\/wp-content\/uploads\/2026\/03\/tlo2-768x576.jpg 768w, https:\/\/matex.org.pl\/wp-content\/uploads\/2026\/03\/tlo2-1536x1152.jpg 1536w, https:\/\/matex.org.pl\/wp-content\/uploads\/2026\/03\/tlo2.jpg 1920w\" sizes=\"auto, (max-width: 1024px) 100vw, 1024px\" \/><\/figure>\n","protected":false},"excerpt":{"rendered":"<p>F.H.U. Matex dzia\u0142a w bran\u017cy &#8222;Oczyszczanie \u015bciek\u00f3w&#8221;. Siedziba firmy znajduje si\u0119 w wojew\u00f3dztwie \u015bl\u0105skim w miejscowo\u015bci Strzy\u017cowice ul. Szosowa 16. Zakres dzia\u0142alno\u015bci wi\u0119kszo\u015bci przedsi\u0119biorstw z bran\u017cy obejmuje m.in: oczyszczalnia \u015bciek\u00f3w oczyszczalnie przydomowe oczyszczalnie biologiczne \u015bciek\u00f3w<\/p>\n","protected":false},"author":1,"featured_media":0,"parent":0,"menu_order":0,"comment_status":"closed","ping_status":"closed","template":"","meta":{"footnotes":""},"class_list":["post-2","page","type-page","status-publish","hentry"],"_links":{"self":[{"href":"https:\/\/matex.org.pl\/index.php\/wp-json\/wp\/v2\/pages\/2","targetHints":{"allow":["GET"]}}],"collection":[{"href":"https:\/\/matex.org.pl\/index.php\/wp-json\/wp\/v2\/pages"}],"about":[{"href":"https:\/\/matex.org.pl\/index.php\/wp-json\/wp\/v2\/types\/page"}],"author":[{"embeddable":true,"href":"https:\/\/matex.org.pl\/index.php\/wp-json\/wp\/v2\/users\/1"}],"replies":[{"embeddable":true,"href":"https:\/\/matex.org.pl\/index.php\/wp-json\/wp\/v2\/comments?post=2"}],"version-history":[{"count":6,"href":"https:\/\/matex.org.pl\/index.php\/wp-json\/wp\/v2\/pages\/2\/revisions"}],"predecessor-version":[{"id":49,"href":"https:\/\/matex.org.pl\/index.php\/wp-json\/wp\/v2\/pages\/2\/revisions\/49"}],"wp:attachment":[{"href":"https:\/\/matex.org.pl\/index.php\/wp-json\/wp\/v2\/media?parent=2"}],"curies":[{"name":"wp","href":"https:\/\/api.w.org\/{rel}","templated":true}]}}