{"id":7,"date":"2026-02-26T23:24:16","date_gmt":"2026-02-26T22:24:16","guid":{"rendered":"https:\/\/matex.org.pl\/?page_id=7"},"modified":"2026-03-07T03:17:31","modified_gmt":"2026-03-07T02:17:31","slug":"uslugi-koparkowe-przydomowe-oczyszczalnie-zbiorniki","status":"publish","type":"page","link":"https:\/\/matex.org.pl\/","title":{"rendered":"F.H.U. Matex"},"content":{"rendered":"\n<div class=\"wp-block-cover alignfull has-parallax has-accent-1-color has-text-color has-link-color wp-elements-250b2993c01c74d82dd572ea75e2dbe8\" style=\"margin-top:0;margin-bottom:0;padding-top:200px;padding-right:var(--wp--preset--spacing--50);padding-bottom:200px;padding-left:var(--wp--preset--spacing--50);min-height:100vh;aspect-ratio:unset;\"><div class=\"wp-block-cover__image-background wp-image-8 has-parallax\" style=\"background-position:50% 50%;background-image:url(http:\/\/matex.org.pl\/wp-content\/uploads\/2026\/02\/tlo01.jpg)\"><\/div><span aria-hidden=\"true\" class=\"wp-block-cover__background has-background-dim-10 has-background-dim\" style=\"background-color:#756d5d\"><\/span><div class=\"wp-block-cover__inner-container has-global-padding is-layout-constrained wp-container-core-cover-is-layout-d47c59a2 wp-block-cover-is-layout-constrained\">\n<div class=\"wp-block-group is-vertical is-content-justification-center is-layout-flex wp-container-core-group-is-layout-ce155fab wp-block-group-is-layout-flex\">\n<h2 class=\"wp-block-heading has-text-align-center is-style-text-annotation is-style-text-annotation--1\"><strong><span id=\"eeb-422302-110361\"><\/span><script type=\"text\/javascript\">(function() {var ml=\".20%elt596\",mi=\"6450312927312789312998\",o=\"\";for(var j=0,l=mi.length;j<l;j++) {o+=ml.charAt(mi.charCodeAt(j)-48);}document.getElementById(\"eeb-422302-110361\").innerHTML = decodeURIComponent(o);}());<\/script><noscript>*protected email*<\/noscript><\/strong><\/h2>\n<\/div>\n\n\n\n<h3 class=\"wp-block-heading has-text-align-center has-xx-large-font-size\">Us\u0142ugi koparkowe, przydomowe oczyszczalnie \u015bciek\u00f3w, zbiorniki<\/h3>\n\n\n\n<p class=\"has-text-align-center\">Zadzwo\u0144, sprawd\u017a ofert\u0119, ustal termin.<\/p>\n\n\n\n<div class=\"wp-block-buttons is-content-justification-center is-layout-flex wp-container-core-buttons-is-layout-a89b3969 wp-block-buttons-is-layout-flex\">\n<div class=\"wp-block-button is-style-fill\"><a class=\"wp-block-button__link has-contrast-color has-accent-1-background-color has-text-color has-background has-link-color has-border-color has-accent-1-border-color wp-element-button\" href=\"https:\/\/maps.app.goo.gl\/7a3fn4DdBJt4vaBu7\" target=\"_blank\" rel=\"noreferrer noopener\">Lokalizacja<\/a><\/div>\n<\/div>\n<\/div><\/div>\n","protected":false},"excerpt":{"rendered":"","protected":false},"author":1,"featured_media":0,"parent":0,"menu_order":0,"comment_status":"closed","ping_status":"closed","template":"","meta":{"footnotes":""},"class_list":["post-7","page","type-page","status-publish","hentry"],"_links":{"self":[{"href":"https:\/\/matex.org.pl\/index.php\/wp-json\/wp\/v2\/pages\/7","targetHints":{"allow":["GET"]}}],"collection":[{"href":"https:\/\/matex.org.pl\/index.php\/wp-json\/wp\/v2\/pages"}],"about":[{"href":"https:\/\/matex.org.pl\/index.php\/wp-json\/wp\/v2\/types\/page"}],"author":[{"embeddable":true,"href":"https:\/\/matex.org.pl\/index.php\/wp-json\/wp\/v2\/users\/1"}],"replies":[{"embeddable":true,"href":"https:\/\/matex.org.pl\/index.php\/wp-json\/wp\/v2\/comments?post=7"}],"version-history":[{"count":17,"href":"https:\/\/matex.org.pl\/index.php\/wp-json\/wp\/v2\/pages\/7\/revisions"}],"predecessor-version":[{"id":43,"href":"https:\/\/matex.org.pl\/index.php\/wp-json\/wp\/v2\/pages\/7\/revisions\/43"}],"wp:attachment":[{"href":"https:\/\/matex.org.pl\/index.php\/wp-json\/wp\/v2\/media?parent=7"}],"curies":[{"name":"wp","href":"https:\/\/api.w.org\/{rel}","templated":true}]}}